{"id":441,"date":"2022-08-29T12:43:39","date_gmt":"2022-08-29T10:43:39","guid":{"rendered":"https:\/\/optimus.qsandbox.com:3443\/app_user\/qsu6361\/site\/ayushstha143-magazinex-demo.sites.qsandbox.com\/?page_id=441"},"modified":"2022-11-06T21:36:41","modified_gmt":"2022-11-06T20:36:41","slug":"contact-page","status":"publish","type":"page","link":"https:\/\/www.tuner.be\/prod\/contact-page\/","title":{"rendered":"Contact"},"content":{"rendered":"\n<div class=\"wp-block-columns is-layout-flex wp-container-core-columns-is-layout-9d6595d7 wp-block-columns-is-layout-flex\">\n<div class=\"wp-block-column is-layout-flow wp-block-column-is-layout-flow\">\n<ul class=\"wp-block-list\">\n<li>Enregistrement de voix off en home studio, avec livraison dans les 24 heures par mail ou FTP.<\/li>\n\n\n\n<li>Diffusion libre sur tout type de support sans limite g\u00e9ographique.<\/li>\n\n\n\n<li>Enregistrement en cabine insonoris\u00e9e avec Micro Neumann TLM 102 &#8211; carte son Focusrite<\/li>\n\n\n\n<li>R\u00e9alisation de musiques libres de droit.<\/li>\n\n\n\n<li>Spots publicitaires, promos &#8211; habillage &amp; identit\u00e9 sonore &#8211; jingle radio parl\u00e9, liner, promo &#8211; jingles DJ &amp; discoth\u00e8que &#8211; messages t\u00e9l\u00e9phoniques<\/li>\n<\/ul>\n\n\n\n<h3 class=\"wp-block-heading\">Contactez-moi \u00e0 <a href=\"mailto:fabien@tuner.be\">fabien@tuner.be<\/a> ou via <a href=\"https:\/\/www.fabienvoixoff.be\/\">https:\/\/www.fabienvoixoff.be\/<\/a><\/h3>\n<\/div>\n\n\n\n<div class=\"wp-block-column is-layout-flow wp-block-column-is-layout-flow\">\n<figure class=\"wp-block-image size-full\"><img loading=\"lazy\" decoding=\"async\" width=\"429\" height=\"362\" src=\"https:\/\/www.tuner.be\/prod\/wp-content\/uploads\/2022\/11\/image-1.png\" alt=\"\" class=\"wp-image-931\" srcset=\"https:\/\/www.tuner.be\/prod\/wp-content\/uploads\/2022\/11\/image-1.png 429w, https:\/\/www.tuner.be\/prod\/wp-content\/uploads\/2022\/11\/image-1-300x253.png 300w\" sizes=\"auto, (max-width: 429px) 100vw, 429px\" \/><\/figure>\n<\/div>\n<\/div>\n\n\n\n<p>Cr\u00e9azone | Fabien Roch<br>Rue du Mont 76<br>1360 Perwez<br>BELGIQUE<\/p>\n\n\n\n<p>Numero d&#8217;entreprise: 0828.564.397 &#8211; Petite entreprise soumise au r\u00e9gime de la franchise de taxe. &#8211; T.V.A. non applicable<\/p>\n","protected":false},"excerpt":{"rendered":"<p>Contactez-moi \u00e0 fabien@tuner.be ou via https:\/\/www.fabienvoixoff.be\/ Cr\u00e9azone | Fabien RochRue du Mont 761360 PerwezBELGIQUE Numero d&#8217;entreprise: 0828.564.397 &#8211; Petite entreprise soumise au r\u00e9gime de la franchise de taxe. &#8211; T.V.A. non applicable<\/p>\n","protected":false},"author":1,"featured_media":0,"parent":0,"menu_order":0,"comment_status":"closed","ping_status":"closed","template":"","meta":{"footnotes":""},"class_list":["post-441","page","type-page","status-publish","hentry"],"magazineBlocksPostFeaturedMedia":{"thumbnail":false,"medium":false,"medium_large":false,"large":false,"1536x1536":false,"2048x2048":false,"audioigniter_cover":false},"magazineBlocksPostAuthor":{"name":"Fabien","avatar":"https:\/\/www.tuner.be\/prod\/wp-content\/uploads\/2022\/10\/cropped-tunerprod_icon-150x150.jpg"},"magazineBlocksPostCommentsNumber":false,"magazineBlocksPostExcerpt":"Contactez-moi \u00e0 fabien@tuner.be ou via https:\/\/www.fabienvoixoff.be\/ Cr\u00e9azone | Fabien RochRue du Mont 761360 PerwezBELGIQUE Numero d&#8217;entreprise: 0828.564.397 &#8211; Petite entreprise soumise au r\u00e9gime de la franchise de taxe. &#8211; T.V.A. non applicable","magazineBlocksPostCategories":[],"yoast_head":"<!-- This site is optimized with the Yoast SEO plugin v22.3 - https:\/\/yoast.com\/wordpress\/plugins\/seo\/ -->\n<title>Contact | Tuner Production<\/title>\n<meta name=\"robots\" content=\"index, follow, max-snippet:-1, max-image-preview:large, max-video-preview:-1\" \/>\n<link rel=\"canonical\" href=\"https:\/\/www.tuner.be\/prod\/contact-page\/\" \/>\n<meta property=\"og:locale\" content=\"fr_FR\" \/>\n<meta property=\"og:type\" content=\"article\" \/>\n<meta property=\"og:title\" content=\"Contact | Tuner Production\" \/>\n<meta property=\"og:description\" content=\"Contactez-moi \u00e0 fabien@tuner.be ou via https:\/\/www.fabienvoixoff.be\/ Cr\u00e9azone | Fabien RochRue du Mont 761360 PerwezBELGIQUE Numero d&#8217;entreprise: 0828.564.397 &#8211; Petite entreprise soumise au r\u00e9gime de la franchise de taxe. &#8211; T.V.A. non applicable\" \/>\n<meta property=\"og:url\" content=\"https:\/\/www.tuner.be\/prod\/contact-page\/\" \/>\n<meta property=\"og:site_name\" content=\"Tuner Production\" \/>\n<meta property=\"article:publisher\" content=\"https:\/\/www.facebook.com\/tunerbe\" \/>\n<meta property=\"article:modified_time\" content=\"2022-11-06T20:36:41+00:00\" \/>\n<meta property=\"og:image\" content=\"https:\/\/www.tuner.be\/prod\/wp-content\/uploads\/2022\/11\/image-1.png\" \/>\n<meta name=\"twitter:card\" content=\"summary_large_image\" \/>\n<meta name=\"twitter:site\" content=\"@tunerbe\" \/>\n<meta name=\"twitter:label1\" content=\"Dur\u00e9e de lecture est.\" \/>\n\t<meta name=\"twitter:data1\" content=\"1 minute\" \/>\n<script type=\"application\/ld+json\" class=\"yoast-schema-graph\">{\"@context\":\"https:\/\/schema.org\",\"@graph\":[{\"@type\":\"WebPage\",\"@id\":\"https:\/\/www.tuner.be\/prod\/contact-page\/\",\"url\":\"https:\/\/www.tuner.be\/prod\/contact-page\/\",\"name\":\"Contact | Tuner Production\",\"isPartOf\":{\"@id\":\"https:\/\/www.tuner.be\/prod\/#website\"},\"primaryImageOfPage\":{\"@id\":\"https:\/\/www.tuner.be\/prod\/contact-page\/#primaryimage\"},\"image\":{\"@id\":\"https:\/\/www.tuner.be\/prod\/contact-page\/#primaryimage\"},\"thumbnailUrl\":\"https:\/\/www.tuner.be\/prod\/wp-content\/uploads\/2022\/11\/image-1.png\",\"datePublished\":\"2022-08-29T10:43:39+00:00\",\"dateModified\":\"2022-11-06T20:36:41+00:00\",\"breadcrumb\":{\"@id\":\"https:\/\/www.tuner.be\/prod\/contact-page\/#breadcrumb\"},\"inLanguage\":\"fr-BE\",\"potentialAction\":[{\"@type\":\"ReadAction\",\"target\":[\"https:\/\/www.tuner.be\/prod\/contact-page\/\"]}]},{\"@type\":\"ImageObject\",\"inLanguage\":\"fr-BE\",\"@id\":\"https:\/\/www.tuner.be\/prod\/contact-page\/#primaryimage\",\"url\":\"https:\/\/www.tuner.be\/prod\/wp-content\/uploads\/2022\/11\/image-1.png\",\"contentUrl\":\"https:\/\/www.tuner.be\/prod\/wp-content\/uploads\/2022\/11\/image-1.png\",\"width\":429,\"height\":362},{\"@type\":\"BreadcrumbList\",\"@id\":\"https:\/\/www.tuner.be\/prod\/contact-page\/#breadcrumb\",\"itemListElement\":[{\"@type\":\"ListItem\",\"position\":1,\"name\":\"Accueil\",\"item\":\"https:\/\/www.tuner.be\/prod\/\"},{\"@type\":\"ListItem\",\"position\":2,\"name\":\"Contact\"}]},{\"@type\":\"WebSite\",\"@id\":\"https:\/\/www.tuner.be\/prod\/#website\",\"url\":\"https:\/\/www.tuner.be\/prod\/\",\"name\":\"Tuner Production\",\"description\":\"Votre dose de sons libres de droit\",\"publisher\":{\"@id\":\"https:\/\/www.tuner.be\/prod\/#organization\"},\"potentialAction\":[{\"@type\":\"SearchAction\",\"target\":{\"@type\":\"EntryPoint\",\"urlTemplate\":\"https:\/\/www.tuner.be\/prod\/?s={search_term_string}\"},\"query-input\":\"required name=search_term_string\"}],\"inLanguage\":\"fr-BE\"},{\"@type\":\"Organization\",\"@id\":\"https:\/\/www.tuner.be\/prod\/#organization\",\"name\":\"Tuner Production\",\"url\":\"https:\/\/www.tuner.be\/prod\/\",\"logo\":{\"@type\":\"ImageObject\",\"inLanguage\":\"fr-BE\",\"@id\":\"https:\/\/www.tuner.be\/prod\/#\/schema\/logo\/image\/\",\"url\":\"https:\/\/www.tuner.be\/prod\/wp-content\/uploads\/2022\/10\/tunerlogo22.png\",\"contentUrl\":\"https:\/\/www.tuner.be\/prod\/wp-content\/uploads\/2022\/10\/tunerlogo22.png\",\"width\":501,\"height\":91,\"caption\":\"Tuner Production\"},\"image\":{\"@id\":\"https:\/\/www.tuner.be\/prod\/#\/schema\/logo\/image\/\"},\"sameAs\":[\"https:\/\/www.facebook.com\/tunerbe\",\"https:\/\/twitter.com\/tunerbe\"]}]}<\/script>\n<!-- \/ Yoast SEO plugin. -->","yoast_head_json":{"title":"Contact | Tuner Production","robots":{"index":"index","follow":"follow","max-snippet":"max-snippet:-1","max-image-preview":"max-image-preview:large","max-video-preview":"max-video-preview:-1"},"canonical":"https:\/\/www.tuner.be\/prod\/contact-page\/","og_locale":"fr_FR","og_type":"article","og_title":"Contact | Tuner Production","og_description":"Contactez-moi \u00e0 fabien@tuner.be ou via https:\/\/www.fabienvoixoff.be\/ Cr\u00e9azone | Fabien RochRue du Mont 761360 PerwezBELGIQUE Numero d&#8217;entreprise: 0828.564.397 &#8211; Petite entreprise soumise au r\u00e9gime de la franchise de taxe. &#8211; T.V.A. non applicable","og_url":"https:\/\/www.tuner.be\/prod\/contact-page\/","og_site_name":"Tuner Production","article_publisher":"https:\/\/www.facebook.com\/tunerbe","article_modified_time":"2022-11-06T20:36:41+00:00","og_image":[{"url":"https:\/\/www.tuner.be\/prod\/wp-content\/uploads\/2022\/11\/image-1.png"}],"twitter_card":"summary_large_image","twitter_site":"@tunerbe","twitter_misc":{"Dur\u00e9e de lecture est.":"1 minute"},"schema":{"@context":"https:\/\/schema.org","@graph":[{"@type":"WebPage","@id":"https:\/\/www.tuner.be\/prod\/contact-page\/","url":"https:\/\/www.tuner.be\/prod\/contact-page\/","name":"Contact | Tuner Production","isPartOf":{"@id":"https:\/\/www.tuner.be\/prod\/#website"},"primaryImageOfPage":{"@id":"https:\/\/www.tuner.be\/prod\/contact-page\/#primaryimage"},"image":{"@id":"https:\/\/www.tuner.be\/prod\/contact-page\/#primaryimage"},"thumbnailUrl":"https:\/\/www.tuner.be\/prod\/wp-content\/uploads\/2022\/11\/image-1.png","datePublished":"2022-08-29T10:43:39+00:00","dateModified":"2022-11-06T20:36:41+00:00","breadcrumb":{"@id":"https:\/\/www.tuner.be\/prod\/contact-page\/#breadcrumb"},"inLanguage":"fr-BE","potentialAction":[{"@type":"ReadAction","target":["https:\/\/www.tuner.be\/prod\/contact-page\/"]}]},{"@type":"ImageObject","inLanguage":"fr-BE","@id":"https:\/\/www.tuner.be\/prod\/contact-page\/#primaryimage","url":"https:\/\/www.tuner.be\/prod\/wp-content\/uploads\/2022\/11\/image-1.png","contentUrl":"https:\/\/www.tuner.be\/prod\/wp-content\/uploads\/2022\/11\/image-1.png","width":429,"height":362},{"@type":"BreadcrumbList","@id":"https:\/\/www.tuner.be\/prod\/contact-page\/#breadcrumb","itemListElement":[{"@type":"ListItem","position":1,"name":"Accueil","item":"https:\/\/www.tuner.be\/prod\/"},{"@type":"ListItem","position":2,"name":"Contact"}]},{"@type":"WebSite","@id":"https:\/\/www.tuner.be\/prod\/#website","url":"https:\/\/www.tuner.be\/prod\/","name":"Tuner Production","description":"Votre dose de sons libres de droit","publisher":{"@id":"https:\/\/www.tuner.be\/prod\/#organization"},"potentialAction":[{"@type":"SearchAction","target":{"@type":"EntryPoint","urlTemplate":"https:\/\/www.tuner.be\/prod\/?s={search_term_string}"},"query-input":"required name=search_term_string"}],"inLanguage":"fr-BE"},{"@type":"Organization","@id":"https:\/\/www.tuner.be\/prod\/#organization","name":"Tuner Production","url":"https:\/\/www.tuner.be\/prod\/","logo":{"@type":"ImageObject","inLanguage":"fr-BE","@id":"https:\/\/www.tuner.be\/prod\/#\/schema\/logo\/image\/","url":"https:\/\/www.tuner.be\/prod\/wp-content\/uploads\/2022\/10\/tunerlogo22.png","contentUrl":"https:\/\/www.tuner.be\/prod\/wp-content\/uploads\/2022\/10\/tunerlogo22.png","width":501,"height":91,"caption":"Tuner Production"},"image":{"@id":"https:\/\/www.tuner.be\/prod\/#\/schema\/logo\/image\/"},"sameAs":["https:\/\/www.facebook.com\/tunerbe","https:\/\/twitter.com\/tunerbe"]}]}},"_links":{"self":[{"href":"https:\/\/www.tuner.be\/prod\/wp-json\/wp\/v2\/pages\/441","targetHints":{"allow":["GET"]}}],"collection":[{"href":"https:\/\/www.tuner.be\/prod\/wp-json\/wp\/v2\/pages"}],"about":[{"href":"https:\/\/www.tuner.be\/prod\/wp-json\/wp\/v2\/types\/page"}],"author":[{"embeddable":true,"href":"https:\/\/www.tuner.be\/prod\/wp-json\/wp\/v2\/users\/1"}],"replies":[{"embeddable":true,"href":"https:\/\/www.tuner.be\/prod\/wp-json\/wp\/v2\/comments?post=441"}],"version-history":[{"count":4,"href":"https:\/\/www.tuner.be\/prod\/wp-json\/wp\/v2\/pages\/441\/revisions"}],"predecessor-version":[{"id":935,"href":"https:\/\/www.tuner.be\/prod\/wp-json\/wp\/v2\/pages\/441\/revisions\/935"}],"wp:attachment":[{"href":"https:\/\/www.tuner.be\/prod\/wp-json\/wp\/v2\/media?parent=441"}],"curies":[{"name":"wp","href":"https:\/\/api.w.org\/{rel}","templated":true}]}}