{"id":716,"date":"2022-10-21T15:38:13","date_gmt":"2022-10-21T13:38:13","guid":{"rendered":"https:\/\/www.tuner.be\/prod\/?page_id=716"},"modified":"2022-10-21T15:38:13","modified_gmt":"2022-10-21T13:38:13","slug":"mentions-legales","status":"publish","type":"page","link":"https:\/\/www.tuner.be\/prod\/mentions-legales\/","title":{"rendered":"Mentions l\u00e9gales"},"content":{"rendered":"\n<h3 class=\"wp-block-heading\">Cr\u00e9dits<\/h3>\n\n\n\n<p>Conception et production&nbsp;:<\/p>\n\n\n\n<p>cette boutique en ligne a \u00e9t\u00e9 cr\u00e9\u00e9e \u00e0 l&#8217;aide du&nbsp;<a href=\"http:\/\/www.prestashop.com\/\">logiciel PrestaShop.&nbsp;<\/a><\/p>\n\n\n\n<p>Editeur responsable : Creazone, Fabien Roch<\/p>\n\n\n\n<p>Si\u00e8ge:&nbsp;Rue du Mont 76 \u00e0 1360 Perwez<\/p>\n\n\n\n<p>Prestataire assurant le stockage direct et permanent de ce site : OVH<\/p>\n\n\n\n<p>Publication des informations<\/p>\n\n\n\n<p>Notre objectif est de diffuser des informations aussi exactes et tenues \u00e0 jour que possible. Des erreurs peuvent cependant subsister dans les informations mises \u00e0 votre disposition (donn\u00e9es incompl\u00e8tes ou inexactes).&nbsp;<\/p>\n\n\n\n<p>Toute personne constatant des erreurs sur le site peut en informer le gestionnaire du site en envoyant un e-mail \u00e0 l\u2019adresse suivante :&nbsp;fabien@tuner.be<\/p>\n\n\n\n<p>L\u2019utilisateur est \u00e9galement conscient que ces informations sont susceptibles d\u2019\u00eatre modifi\u00e9es sans avis pr\u00e9alable. Il en r\u00e9sulte que&nbsp;nous d\u00e9clinons&nbsp;toute responsabilit\u00e9 quant au contenu de son site ou \u00e0 l\u2019utilisation qui pourrait en \u00eatre faite.<\/p>\n\n\n\n<p>Les donn\u00e9es pr\u00e9sentes sur ce site n\u2019ont donc aucun caract\u00e8re contractuel.<\/p>\n\n\n\n<h3 class=\"wp-block-heading\">Liens hypertextes<\/h3>\n\n\n\n<p>Ce site contient des liens hypertextes permettant l\u2019acc\u00e8s \u00e0 des sites qui ne sont pas \u00e9dit\u00e9s par le responsable de ce site.<\/p>\n\n\n\n<p>En cons\u00e9quence nous ne saurions \u00eatre tenu pour responsable du contenu des sites auxquels l\u2019internaute aurait ainsi acc\u00e8s.<\/p>\n\n\n\n<h3 class=\"wp-block-heading\">Liens hypertextes vers ce site<\/h3>\n\n\n\n<p>A l\u2019exception de sites diffusant des informations et\/ou contenus ayant un caract\u00e8re ill\u00e9gal et\/ou \u00e0 caract\u00e8re politique, religieux, pornographique, x\u00e9nophobe, vous pouvez cr\u00e9er un lien hypertexte vers notre site sur votre site.<\/p>\n\n\n\n<p>Enfin, la mise en place de lien hypertexte n\u2019autorise en aucune fa\u00e7on de proposer l\u2019envoi d\u2019un message pr\u00e9-r\u00e9dig\u00e9 \u00e0 une adresse mail li\u00e9e au site ou la mise en place d\u2019un syst\u00e8me permettant l\u2019envoi massif de messages quelle qu\u2019en soit la nature.<\/p>\n\n\n\n<h3 class=\"wp-block-heading\">Droits d\u2019auteur<\/h3>\n\n\n\n<p>Ce site est sous licence Creative commons BY-NC-SA. Cette licence permet aux autres de remixer, arranger, et adapter le contenu \u00e0 des fins non commerciales tant qu\u2019on nous cr\u00e9dite en citant notre nom et que les nouveaux contenus sont diffus\u00e9s selon les m\u00eames conditions. Nous souhaitons \u00e9galement \u00eatre inform\u00e9 de toute utilisation de nos contenus.<\/p>\n\n\n\n<p>Si malgr\u00e9 les efforts accomplis pour identifier certains d\u00e9tenteurs de droits il devait appara\u00eetre qu\u2019un \u00e9l\u00e9ment aurait \u00e9t\u00e9 publi\u00e9 sans l\u2019autorisation d\u2019un titulaire du droit d\u2019auteur ou d\u2019un droit voisin du droit d\u2019auteur, merci de bien vouloir vous signaler aupr\u00e8s du gestionnaire \u00e0 l\u2019adresse mail&nbsp;fabien@tuner.be .<\/p>\n\n\n\n<h3 class=\"wp-block-heading\">Vie Priv\u00e9e<\/h3>\n\n\n\n<p>En&nbsp;vue d\u2019obtenir des services compl\u00e9mentaires ,&nbsp; il est possible que des informations personnelles, essentiellement des coordonn\u00e9es, soient demand\u00e9es \u00e0 l\u2019utilisateur. Dans ce cas, les donn\u00e9es sont trait\u00e9es conform\u00e9ment aux dispositions de la loi du 8 d\u00e9cembre 1992 relative au traitement de donn\u00e9es \u00e0 caract\u00e8re personnel. Concr\u00e8tement, cela signifie notamment que:<\/p>\n\n\n\n<p>Vos donn\u00e9es \u00e0 caract\u00e8re personnel ne pourront \u00eatre recueillies et trait\u00e9es que conform\u00e9ment aux finalit\u00e9s indiqu\u00e9es lors de leur collecte et ne seront jamais communiqu\u00e9es \u00e0 des tiers.<\/p>\n\n\n\n<p>Creazone&nbsp;s\u2019engage \u00e0 prendre les meilleures mesures de s\u00e9curit\u00e9 afin d\u2019\u00e9viter que des tiers n\u2019abusent des donn\u00e9es \u00e0 caract\u00e8re personnel que vous auriez communiqu\u00e9es.<\/p>\n\n\n\n<p>Conform\u00e9ment \u00e0 la loi, vous disposez d\u2019un droit d\u2019acc\u00e8s et de rectification sur les donn\u00e9es vous concernant. Moyennant la preuve de votre identit\u00e9 et sur la base d\u2019une demande dat\u00e9e et sign\u00e9e, vous pouvez \u00e9galement obtenir sans frais, la communication de donn\u00e9es vous concernant ainsi que la rectification de vos donn\u00e9es si celles-ci se r\u00e9v\u00e8lent incompl\u00e8tes, incorrectes ou excessives. Cette m\u00eame demande peut-\u00eatre effectu\u00e9e par courrier \u00e0 l\u2019adresse suivante :&nbsp;Rue du Mont 76 \u00e0 1360 Perwez.<\/p>\n\n\n\n<h3 class=\"wp-block-heading\">Utilisation de cookies \u00e0 des fins statistiques d\u2019informations relatives \u00e0 la navigation<\/h3>\n\n\n\n<p>Lorsque vous acc\u00e9dez au site internet, les serveurs consult\u00e9s collectent automatiquement les donn\u00e9es suivantes :<\/p>\n\n\n\n<p>l\u2019adresse IP qui vous est attribu\u00e9e lors de votre connexion<\/p>\n\n\n\n<p>la date et l\u2019heure d\u2019acc\u00e8s au site<\/p>\n\n\n\n<p>les pages consult\u00e9es<\/p>\n\n\n\n<p>le type de navigateur (browser) utilis\u00e9<\/p>\n\n\n\n<p>la plate-forme et\/ou le syst\u00e8me d\u2019exploitation install\u00e9 sur le PC<\/p>\n\n\n\n<p>le moteur de recherche ainsi que les mots-cl\u00e9s utilis\u00e9s pour retrouver le site<\/p>\n\n\n\n<p>Ces informations ne sont conserv\u00e9es qu\u2019\u00e0 la seule fin de mesurer le nombre de visiteurs.<\/p>\n\n\n\n<p>Chaque internaute peut s\u2019opposer \u00e0 l\u2019enregistrement de cookies en configurant son navigateur.<\/p>\n\n\n\n<h3 class=\"wp-block-heading\">Coordonn\u00e9es compl\u00e8tes<\/h3>\n\n\n\n<p>Tuner Pack est un service de Creazone, Rue du Mont 76 \u00e0 1360 Perwez.<\/p>\n\n\n\n<p>Numero d&#8217;entreprise:&nbsp;<strong>0828.564.397<\/strong>&nbsp;&#8211;&nbsp;<strong>Petite entreprise soumise au r\u00e9gime de la franchise de taxe. &#8211; T.V.A. non applicable<\/strong><\/p>\n","protected":false},"excerpt":{"rendered":"<p>Cr\u00e9dits Conception et production&nbsp;: cette boutique en ligne a \u00e9t\u00e9 cr\u00e9\u00e9e \u00e0 l&#8217;aide du&nbsp;logiciel PrestaShop.&nbsp; Editeur responsable : Creazone, Fabien Roch Si\u00e8ge:&nbsp;Rue du Mont 76 \u00e0 1360 Perwez Prestataire assurant le stockage direct et permanent de ce site : OVH Publication des informations Notre objectif est de diffuser des informations aussi exactes et tenues \u00e0&hellip;<\/p>\n","protected":false},"author":1,"featured_media":0,"parent":0,"menu_order":0,"comment_status":"closed","ping_status":"closed","template":"","meta":{"footnotes":""},"class_list":["post-716","page","type-page","status-publish","hentry"],"magazineBlocksPostFeaturedMedia":{"thumbnail":false,"medium":false,"medium_large":false,"large":false,"1536x1536":false,"2048x2048":false,"audioigniter_cover":false},"magazineBlocksPostAuthor":{"name":"Fabien","avatar":"https:\/\/www.tuner.be\/prod\/wp-content\/uploads\/2022\/10\/cropped-tunerprod_icon-150x150.jpg"},"magazineBlocksPostCommentsNumber":false,"magazineBlocksPostExcerpt":"Cr\u00e9dits Conception et production&nbsp;: cette boutique en ligne a \u00e9t\u00e9 cr\u00e9\u00e9e \u00e0 l&#8217;aide du&nbsp;logiciel PrestaShop.&nbsp; Editeur responsable : Creazone, Fabien Roch Si\u00e8ge:&nbsp;Rue du Mont 76 \u00e0 1360 Perwez Prestataire assurant le stockage direct et permanent de ce site : OVH Publication des informations Notre objectif est de diffuser des informations aussi exactes et tenues \u00e0&hellip;","magazineBlocksPostCategories":[],"yoast_head":"<!-- This site is optimized with the Yoast SEO plugin v22.3 - https:\/\/yoast.com\/wordpress\/plugins\/seo\/ -->\n<title>Mentions l\u00e9gales | Tuner Production<\/title>\n<meta name=\"robots\" content=\"index, follow, max-snippet:-1, max-image-preview:large, max-video-preview:-1\" \/>\n<link rel=\"canonical\" href=\"https:\/\/www.tuner.be\/prod\/mentions-legales\/\" \/>\n<meta property=\"og:locale\" content=\"fr_FR\" \/>\n<meta property=\"og:type\" content=\"article\" \/>\n<meta property=\"og:title\" content=\"Mentions l\u00e9gales | Tuner Production\" \/>\n<meta property=\"og:description\" content=\"Cr\u00e9dits Conception et production&nbsp;: cette boutique en ligne a \u00e9t\u00e9 cr\u00e9\u00e9e \u00e0 l&#8217;aide du&nbsp;logiciel PrestaShop.&nbsp; Editeur responsable : Creazone, Fabien Roch Si\u00e8ge:&nbsp;Rue du Mont 76 \u00e0 1360 Perwez Prestataire assurant le stockage direct et permanent de ce site : OVH Publication des informations Notre objectif est de diffuser des informations aussi exactes et tenues \u00e0&hellip;\" \/>\n<meta property=\"og:url\" content=\"https:\/\/www.tuner.be\/prod\/mentions-legales\/\" \/>\n<meta property=\"og:site_name\" content=\"Tuner Production\" \/>\n<meta property=\"article:publisher\" content=\"https:\/\/www.facebook.com\/tunerbe\" \/>\n<meta name=\"twitter:card\" content=\"summary_large_image\" \/>\n<meta name=\"twitter:site\" content=\"@tunerbe\" \/>\n<meta name=\"twitter:label1\" content=\"Dur\u00e9e de lecture est.\" \/>\n\t<meta name=\"twitter:data1\" content=\"4 minutes\" \/>\n<script type=\"application\/ld+json\" class=\"yoast-schema-graph\">{\"@context\":\"https:\/\/schema.org\",\"@graph\":[{\"@type\":\"WebPage\",\"@id\":\"https:\/\/www.tuner.be\/prod\/mentions-legales\/\",\"url\":\"https:\/\/www.tuner.be\/prod\/mentions-legales\/\",\"name\":\"Mentions l\u00e9gales | Tuner Production\",\"isPartOf\":{\"@id\":\"https:\/\/www.tuner.be\/prod\/#website\"},\"datePublished\":\"2022-10-21T13:38:13+00:00\",\"dateModified\":\"2022-10-21T13:38:13+00:00\",\"breadcrumb\":{\"@id\":\"https:\/\/www.tuner.be\/prod\/mentions-legales\/#breadcrumb\"},\"inLanguage\":\"fr-BE\",\"potentialAction\":[{\"@type\":\"ReadAction\",\"target\":[\"https:\/\/www.tuner.be\/prod\/mentions-legales\/\"]}]},{\"@type\":\"BreadcrumbList\",\"@id\":\"https:\/\/www.tuner.be\/prod\/mentions-legales\/#breadcrumb\",\"itemListElement\":[{\"@type\":\"ListItem\",\"position\":1,\"name\":\"Accueil\",\"item\":\"https:\/\/www.tuner.be\/prod\/\"},{\"@type\":\"ListItem\",\"position\":2,\"name\":\"Mentions l\u00e9gales\"}]},{\"@type\":\"WebSite\",\"@id\":\"https:\/\/www.tuner.be\/prod\/#website\",\"url\":\"https:\/\/www.tuner.be\/prod\/\",\"name\":\"Tuner Production\",\"description\":\"Votre dose de sons libres de droit\",\"publisher\":{\"@id\":\"https:\/\/www.tuner.be\/prod\/#organization\"},\"potentialAction\":[{\"@type\":\"SearchAction\",\"target\":{\"@type\":\"EntryPoint\",\"urlTemplate\":\"https:\/\/www.tuner.be\/prod\/?s={search_term_string}\"},\"query-input\":\"required name=search_term_string\"}],\"inLanguage\":\"fr-BE\"},{\"@type\":\"Organization\",\"@id\":\"https:\/\/www.tuner.be\/prod\/#organization\",\"name\":\"Tuner Production\",\"url\":\"https:\/\/www.tuner.be\/prod\/\",\"logo\":{\"@type\":\"ImageObject\",\"inLanguage\":\"fr-BE\",\"@id\":\"https:\/\/www.tuner.be\/prod\/#\/schema\/logo\/image\/\",\"url\":\"https:\/\/www.tuner.be\/prod\/wp-content\/uploads\/2022\/10\/tunerlogo22.png\",\"contentUrl\":\"https:\/\/www.tuner.be\/prod\/wp-content\/uploads\/2022\/10\/tunerlogo22.png\",\"width\":501,\"height\":91,\"caption\":\"Tuner Production\"},\"image\":{\"@id\":\"https:\/\/www.tuner.be\/prod\/#\/schema\/logo\/image\/\"},\"sameAs\":[\"https:\/\/www.facebook.com\/tunerbe\",\"https:\/\/twitter.com\/tunerbe\"]}]}<\/script>\n<!-- \/ Yoast SEO plugin. -->","yoast_head_json":{"title":"Mentions l\u00e9gales | Tuner Production","robots":{"index":"index","follow":"follow","max-snippet":"max-snippet:-1","max-image-preview":"max-image-preview:large","max-video-preview":"max-video-preview:-1"},"canonical":"https:\/\/www.tuner.be\/prod\/mentions-legales\/","og_locale":"fr_FR","og_type":"article","og_title":"Mentions l\u00e9gales | Tuner Production","og_description":"Cr\u00e9dits Conception et production&nbsp;: cette boutique en ligne a \u00e9t\u00e9 cr\u00e9\u00e9e \u00e0 l&#8217;aide du&nbsp;logiciel PrestaShop.&nbsp; Editeur responsable : Creazone, Fabien Roch Si\u00e8ge:&nbsp;Rue du Mont 76 \u00e0 1360 Perwez Prestataire assurant le stockage direct et permanent de ce site : OVH Publication des informations Notre objectif est de diffuser des informations aussi exactes et tenues \u00e0&hellip;","og_url":"https:\/\/www.tuner.be\/prod\/mentions-legales\/","og_site_name":"Tuner Production","article_publisher":"https:\/\/www.facebook.com\/tunerbe","twitter_card":"summary_large_image","twitter_site":"@tunerbe","twitter_misc":{"Dur\u00e9e de lecture est.":"4 minutes"},"schema":{"@context":"https:\/\/schema.org","@graph":[{"@type":"WebPage","@id":"https:\/\/www.tuner.be\/prod\/mentions-legales\/","url":"https:\/\/www.tuner.be\/prod\/mentions-legales\/","name":"Mentions l\u00e9gales | Tuner Production","isPartOf":{"@id":"https:\/\/www.tuner.be\/prod\/#website"},"datePublished":"2022-10-21T13:38:13+00:00","dateModified":"2022-10-21T13:38:13+00:00","breadcrumb":{"@id":"https:\/\/www.tuner.be\/prod\/mentions-legales\/#breadcrumb"},"inLanguage":"fr-BE","potentialAction":[{"@type":"ReadAction","target":["https:\/\/www.tuner.be\/prod\/mentions-legales\/"]}]},{"@type":"BreadcrumbList","@id":"https:\/\/www.tuner.be\/prod\/mentions-legales\/#breadcrumb","itemListElement":[{"@type":"ListItem","position":1,"name":"Accueil","item":"https:\/\/www.tuner.be\/prod\/"},{"@type":"ListItem","position":2,"name":"Mentions l\u00e9gales"}]},{"@type":"WebSite","@id":"https:\/\/www.tuner.be\/prod\/#website","url":"https:\/\/www.tuner.be\/prod\/","name":"Tuner Production","description":"Votre dose de sons libres de droit","publisher":{"@id":"https:\/\/www.tuner.be\/prod\/#organization"},"potentialAction":[{"@type":"SearchAction","target":{"@type":"EntryPoint","urlTemplate":"https:\/\/www.tuner.be\/prod\/?s={search_term_string}"},"query-input":"required name=search_term_string"}],"inLanguage":"fr-BE"},{"@type":"Organization","@id":"https:\/\/www.tuner.be\/prod\/#organization","name":"Tuner Production","url":"https:\/\/www.tuner.be\/prod\/","logo":{"@type":"ImageObject","inLanguage":"fr-BE","@id":"https:\/\/www.tuner.be\/prod\/#\/schema\/logo\/image\/","url":"https:\/\/www.tuner.be\/prod\/wp-content\/uploads\/2022\/10\/tunerlogo22.png","contentUrl":"https:\/\/www.tuner.be\/prod\/wp-content\/uploads\/2022\/10\/tunerlogo22.png","width":501,"height":91,"caption":"Tuner Production"},"image":{"@id":"https:\/\/www.tuner.be\/prod\/#\/schema\/logo\/image\/"},"sameAs":["https:\/\/www.facebook.com\/tunerbe","https:\/\/twitter.com\/tunerbe"]}]}},"_links":{"self":[{"href":"https:\/\/www.tuner.be\/prod\/wp-json\/wp\/v2\/pages\/716","targetHints":{"allow":["GET"]}}],"collection":[{"href":"https:\/\/www.tuner.be\/prod\/wp-json\/wp\/v2\/pages"}],"about":[{"href":"https:\/\/www.tuner.be\/prod\/wp-json\/wp\/v2\/types\/page"}],"author":[{"embeddable":true,"href":"https:\/\/www.tuner.be\/prod\/wp-json\/wp\/v2\/users\/1"}],"replies":[{"embeddable":true,"href":"https:\/\/www.tuner.be\/prod\/wp-json\/wp\/v2\/comments?post=716"}],"version-history":[{"count":1,"href":"https:\/\/www.tuner.be\/prod\/wp-json\/wp\/v2\/pages\/716\/revisions"}],"predecessor-version":[{"id":717,"href":"https:\/\/www.tuner.be\/prod\/wp-json\/wp\/v2\/pages\/716\/revisions\/717"}],"wp:attachment":[{"href":"https:\/\/www.tuner.be\/prod\/wp-json\/wp\/v2\/media?parent=716"}],"curies":[{"name":"wp","href":"https:\/\/api.w.org\/{rel}","templated":true}]}}